{"id":7,"date":"2020-10-27T14:57:56","date_gmt":"2020-10-27T13:57:56","guid":{"rendered":"http:\/\/192.168.0.31\/?page_id=7"},"modified":"2025-10-25T15:17:13","modified_gmt":"2025-10-25T13:17:13","slug":"o-nas","status":"publish","type":"page","link":"https:\/\/activum24.pl\/index.php\/o-nas\/","title":{"rendered":"O mnie"},"content":{"rendered":"\n<figure class=\"wp-block-image size-full\"><img loading=\"lazy\" decoding=\"async\" width=\"124\" height=\"138\" src=\"https:\/\/activum24.pl\/wp-content\/uploads\/2023\/04\/obraz-19.png\" alt=\"\" class=\"wp-image-140\"\/><\/figure>\n\n\n\n<p>Informatyka to moja profesja, a tak\u017ce hobby.<\/p>\n\n\n\n<p>Zajmuj\u0119 si\u0119 systemami komputerowymi oraz oprogramowaniem. Mam do\u015bwiadczenie z r\u00f3\u017cnymi technologiami IT, od male\u0144kich urz\u0105dze\u0144 IoT (inode, esp, rpi) po serwery IBM Mainframe.  Jestem otwarty na wsp\u00f3\u0142prac\u0119. Przyjm\u0119 zlecenia dotycz\u0105ce monitoringu urz\u0105dze\u0144 i us\u0142ug IT, nadzoru i opieki serwisowej rozwi\u0105za\u0144 IT, tworzenia specjalizowanych rozwi\u0105za\u0144\/program\u00f3w integruj\u0105cych i automatyzuj\u0105cych dla Internetu Rzeczy (IoT), \u0142\u0105czenia system\u00f3w poprzez API, migracji danych, tworzenia baz danych, analizy i wizualizacji danych, doboru i konfiguracji urz\u0105dze\u0144 komputerowych i sieciowych, instalacji oprogramowania, aktualizacji firmware. W pierwszej kolejno\u015bci proponuj\u0119 rozwi\u0105zania oparte na otwartym oprogramowaniu OpenSource.<\/p>\n\n\n\n<p>M\u00f3j profil zawodowy znajdziesz na Linkedin:<\/p>\n\n\n\n<figure class=\"wp-block-image size-full is-resized\"><a href=\"https:\/\/www.linkedin.com\/in\/rafal-sitek\/\"><img loading=\"lazy\" decoding=\"async\" width=\"446\" height=\"113\" src=\"https:\/\/activum24.pl\/wp-content\/uploads\/2023\/06\/obraz-1.png\" alt=\"\" class=\"wp-image-239\" style=\"width:301px;height:76px\" srcset=\"https:\/\/activum24.pl\/wp-content\/uploads\/2023\/06\/obraz-1.png 446w, https:\/\/activum24.pl\/wp-content\/uploads\/2023\/06\/obraz-1-300x76.png 300w\" sizes=\"auto, (max-width: 446px) 100vw, 446px\" \/><\/a><\/figure>\n\n\n\n<hr class=\"wp-block-separator has-alpha-channel-opacity\"\/>\n\n\n\n<p>W 1996 roku uko\u0144czy\u0142em studia na Politechnice \u015al\u0105skiej na wydziale Automatyki, Elektroniki i Informatyki &#8211; kierunek Informatyka.<br>W 2009 roku uko\u0144czy\u0142em studia podyplomowe na Akademii WSB &#8211; kierunek Zarz\u0105dzanie Projektami.<br>W 2024 roku uko\u0144czy\u0142em studia podyplomowe na Uniwersytecie WSB Merito &#8211; kierunek Architekt rozwi\u0105za\u0144 IT w chmurach obliczeniowych.<\/p>\n\n\n\n<p>Obecnie studiuj\u0119 Cyber Science &#8211; Zarz\u0105dzanie Cyberbezpiecze\u0144stwem na Politechnice \u015al\u0105skiej.<\/p>\n\n\n\n<div class=\"wp-block-media-text has-media-on-the-right is-stacked-on-mobile\" style=\"grid-template-columns:auto 30%\"><div class=\"wp-block-media-text__content\">\n<p class=\"has-text-align-left\">Kompetencje specjalisty ds. cyberbezpiecze\u0144stwa poszerzam dzi\u0119ki Sekurak.Academy 2026.<\/p>\n<\/div><figure class=\"wp-block-media-text__media\"><a href=\"https:\/\/sklep.securitum.pl\/sekurak-academy-2024\"><img loading=\"lazy\" decoding=\"async\" width=\"768\" height=\"432\" src=\"https:\/\/activum24.pl\/wp-content\/uploads\/2024\/06\/obraz-2.png\" alt=\"\" class=\"wp-image-495 size-full\" srcset=\"https:\/\/activum24.pl\/wp-content\/uploads\/2024\/06\/obraz-2.png 768w, https:\/\/activum24.pl\/wp-content\/uploads\/2024\/06\/obraz-2-300x169.png 300w\" sizes=\"auto, (max-width: 768px) 100vw, 768px\" \/><\/a><\/figure><\/div>\n\n\n\n<div class=\"wp-block-columns is-layout-flex wp-container-core-columns-is-layout-9d6595d7 wp-block-columns-is-layout-flex\">\n<div class=\"wp-block-column is-layout-flow wp-block-column-is-layout-flow\">\n<div class=\"wp-block-media-text has-media-on-the-right is-stacked-on-mobile\" style=\"grid-template-columns:auto 31%\"><div class=\"wp-block-media-text__content\">\n<p>Jestem te\u017c sta\u0142ym s\u0142uchaczem oraz okazjonalnym patronem Admin Akademia.<\/p>\n<\/div><figure class=\"wp-block-media-text__media\"><a href=\"https:\/\/adminakademia.pl\/\"><img loading=\"lazy\" decoding=\"async\" width=\"220\" height=\"91\" src=\"https:\/\/activum24.pl\/wp-content\/uploads\/2023\/05\/obraz-9.png\" alt=\"\" class=\"wp-image-230 size-full\"\/><\/a><\/figure><\/div>\n<\/div>\n<\/div>\n\n\n\n<p class=\"has-text-align-center\"><strong>Polecam us\u0142ugi SEOHOST:<\/strong><br>1. kod rabatowy 15% na odnowienia: ACTIVUM24O<br>2. kod rabatowy 25% na nowe aktywacje: ACTIVUM24A<\/p>\n\n\n<div class=\"wp-block-image\">\n<figure class=\"aligncenter is-resized\"><a href=\"https:\/\/seohost.pl\/?ref=37192\" rel=\"nofollow\"><img decoding=\"async\" src=\"https:\/\/cdn.seohost.pl\/pp\/1\/336-280.png\" alt=\"SeoHost.pl\" style=\"width:343px;height:auto\"\/><\/a><\/figure>\n<\/div>\n\n\n<p><\/p>\n","protected":false},"excerpt":{"rendered":"<p>Informatyka to moja profesja, a tak\u017ce hobby. Zajmuj\u0119 si\u0119 systemami komputerowymi oraz oprogramowaniem. Mam do\u015bwiadczenie z r\u00f3\u017cnymi technologiami IT, od male\u0144kich urz\u0105dze\u0144 IoT (inode, esp, rpi) po serwery IBM Mainframe. Jestem otwarty na wsp\u00f3\u0142prac\u0119. Przyjm\u0119 zlecenia dotycz\u0105ce monitoringu urz\u0105dze\u0144 i us\u0142ug IT, nadzoru i opieki serwisowej rozwi\u0105za\u0144 IT, tworzenia specjalizowanych rozwi\u0105za\u0144\/program\u00f3w integruj\u0105cych i automatyzuj\u0105cych dla&hellip;&nbsp;<\/p>\n","protected":false},"author":1,"featured_media":0,"parent":0,"menu_order":0,"comment_status":"closed","ping_status":"closed","template":"","meta":{"neve_meta_sidebar":"","neve_meta_container":"","neve_meta_enable_content_width":"","neve_meta_content_width":0,"neve_meta_title_alignment":"","neve_meta_author_avatar":"","neve_post_elements_order":"","neve_meta_disable_header":"","neve_meta_disable_footer":"","neve_meta_disable_title":"","footnotes":""},"class_list":["post-7","page","type-page","status-publish","hentry"],"_links":{"self":[{"href":"https:\/\/activum24.pl\/index.php\/wp-json\/wp\/v2\/pages\/7","targetHints":{"allow":["GET"]}}],"collection":[{"href":"https:\/\/activum24.pl\/index.php\/wp-json\/wp\/v2\/pages"}],"about":[{"href":"https:\/\/activum24.pl\/index.php\/wp-json\/wp\/v2\/types\/page"}],"author":[{"embeddable":true,"href":"https:\/\/activum24.pl\/index.php\/wp-json\/wp\/v2\/users\/1"}],"replies":[{"embeddable":true,"href":"https:\/\/activum24.pl\/index.php\/wp-json\/wp\/v2\/comments?post=7"}],"version-history":[{"count":26,"href":"https:\/\/activum24.pl\/index.php\/wp-json\/wp\/v2\/pages\/7\/revisions"}],"predecessor-version":[{"id":756,"href":"https:\/\/activum24.pl\/index.php\/wp-json\/wp\/v2\/pages\/7\/revisions\/756"}],"wp:attachment":[{"href":"https:\/\/activum24.pl\/index.php\/wp-json\/wp\/v2\/media?parent=7"}],"curies":[{"name":"wp","href":"https:\/\/api.w.org\/{rel}","templated":true}]}}